{"id":13,"date":"2025-02-10T13:27:22","date_gmt":"2025-02-10T12:27:22","guid":{"rendered":"https:\/\/expo.planetsolar.org\/modul-01\/"},"modified":"2025-03-24T13:43:57","modified_gmt":"2025-03-24T12:43:57","slug":"m02","status":"publish","type":"page","link":"https:\/\/expo.planetsolar.org\/de\/m02\/","title":{"rendered":"M1"},"content":{"rendered":"<div id=\"pl-13\"  class=\"panel-layout\" ><div id=\"pg-13-0\"  class=\"panel-grid panel-has-style\" ><div class=\"fps-bigger panel-row-style panel-row-style-for-13-0\" ><div id=\"pgc-13-0-0\"  class=\"panel-grid-cell\" ><div id=\"panel-13-0-0-0\" class=\"so-panel widget widget_sow-image panel-first-child panel-last-child\" data-index=\"0\" ><div\n\t\t\t\n\t\t\tclass=\"so-widget-sow-image so-widget-sow-image-default-b062fe5d1106-13\"\n\t\t\t\n\t\t>\n<div class=\"sow-image-container\">\n\t\t<img \n\tsrc=\"https:\/\/expo.planetsolar.org\/wp-content\/uploads\/2025\/03\/module-m01.jpg\" width=\"1920\" height=\"1281\" srcset=\"https:\/\/expo.planetsolar.org\/wp-content\/uploads\/2025\/03\/module-m01.jpg 1920w, https:\/\/expo.planetsolar.org\/wp-content\/uploads\/2025\/03\/module-m01-300x200.jpg 300w, https:\/\/expo.planetsolar.org\/wp-content\/uploads\/2025\/03\/module-m01-1024x683.jpg 1024w, https:\/\/expo.planetsolar.org\/wp-content\/uploads\/2025\/03\/module-m01-768x512.jpg 768w, https:\/\/expo.planetsolar.org\/wp-content\/uploads\/2025\/03\/module-m01-1536x1025.jpg 1536w, https:\/\/expo.planetsolar.org\/wp-content\/uploads\/2025\/03\/module-m01-720x480.jpg 720w, https:\/\/expo.planetsolar.org\/wp-content\/uploads\/2025\/03\/module-m01-272x182.jpg 272w\" sizes=\"(max-width: 1920px) 100vw, 1920px\" title=\"Solar Craft I: Das erste Solarboot der Geschichte, entworfen 1974 von Alan T. Freeman in England.  Geschenk des Museums von Basildon, England.\" alt=\"\" \t\tclass=\"so-widget-image\"\/>\n\t<\/div>\n\n<h3 class=\"widget-title\">Solar Craft I: Das erste Solarboot der Geschichte, entworfen 1974 von Alan T. Freeman in England.  Geschenk des Museums von Basildon, England.<\/h3><\/div><\/div><\/div><\/div><\/div><div id=\"pg-13-1\"  class=\"panel-grid panel-has-style\" ><div class=\"fps-bigger panel-row-style panel-row-style-for-13-1\" ><div id=\"pgc-13-1-0\"  class=\"panel-grid-cell\" ><div id=\"panel-13-1-0-0\" class=\"so-panel widget widget_sow-editor panel-first-child panel-last-child\" data-index=\"1\" ><div\n\t\t\t\n\t\t\tclass=\"so-widget-sow-editor so-widget-sow-editor-base\"\n\t\t\t\n\t\t>\n<div class=\"siteorigin-widget-tinymce textwidget\">\n\t<h2>Solar Craft: Das erste Solarboot (1974)<\/h2>\n<p>Das erste bekannte Solarboot \u2013 Solar Craft I \u2013 stammt aus dem Jahr 1974. Es handelt sich um den Prototyp des Engl\u00e4nders Alan T. Freeman. Solar Craft I ist ein kleiner Katamaran von 2,5 m L\u00e4nge. Ausgestattet mit einem abnehmbaren Ruder und einem Propeller, der entweder durch Pedalen oder durch die Solarzellen angetrieben wird, kann Solar Craft I eine H\u00f6chstgeschwindigkeit von 6 km\/h allein mit Solarenergie erreichen. Alan T. Freeman wird in den 1970er und 1980er Jahren weitere Solarger\u00e4te entwickeln, darunter ein Solar-Fahrrad und ein Solar-Auto, das erste, das offiziell in England zugelassen wurde.<\/p>\n<\/div>\n<\/div><\/div><\/div><\/div><\/div><div id=\"pg-13-2\"  class=\"panel-grid panel-has-style\" ><div class=\"fps-bigger panel-row-style panel-row-style-for-13-2\" ><div id=\"pgc-13-2-0\"  class=\"panel-grid-cell\" ><div id=\"panel-13-2-0-0\" class=\"so-panel widget widget_sow-image panel-first-child panel-last-child\" data-index=\"2\" ><div\n\t\t\t\n\t\t\tclass=\"so-widget-sow-image so-widget-sow-image-default-b062fe5d1106-13\"\n\t\t\t\n\t\t>\n<div class=\"sow-image-container\">\n\t\t<img \n\tsrc=\"https:\/\/expo.planetsolar.org\/wp-content\/uploads\/2025\/03\/solar-craft-I.jpg\" width=\"749\" height=\"1048\" srcset=\"https:\/\/expo.planetsolar.org\/wp-content\/uploads\/2025\/03\/solar-craft-I.jpg 749w, https:\/\/expo.planetsolar.org\/wp-content\/uploads\/2025\/03\/solar-craft-I-214x300.jpg 214w, https:\/\/expo.planetsolar.org\/wp-content\/uploads\/2025\/03\/solar-craft-I-732x1024.jpg 732w\" sizes=\"(max-width: 749px) 100vw, 749px\" alt=\"\" \t\tclass=\"so-widget-image\"\/>\n\t<\/div>\n\n<\/div><\/div><\/div><div id=\"pgc-13-2-1\"  class=\"panel-grid-cell\" ><div id=\"panel-13-2-1-0\" class=\"so-panel widget widget_sow-editor panel-first-child panel-last-child\" data-index=\"3\" ><div\n\t\t\t\n\t\t\tclass=\"so-widget-sow-editor so-widget-sow-editor-base\"\n\t\t\t\n\t\t>\n<div class=\"siteorigin-widget-tinymce textwidget\">\n\t<h2>Das Solarboot<\/h2>\n<p>Sonnenenergie erm\u00f6glicht eine leise, m\u00fchelose und vom Wind unabh\u00e4ngige Fahrt \u00fcber das Wasser. Vor allem aber ist sie speicherbar und vermeidet es von den Wetterbedingungen v\u00f6llig abh\u00e4ngig zu sein. Das erste Boot mit Solarenergie ist Solar Craft I (1974), das in England von Alan T. Freeman entworfen wurde. In den 1980er Jahren hatte ein Solarboot grosse Begeisterung in der Schweiz und in Deutschland geweckt. Es ist der Japaner Kenichi Horie, der die erste Errungenschaft in der solaren Navigation machte. Im Jahr 1985 unternahm er die erste grosse \u00dcberfahrt mit Solarenergie, indem er zwischen Hawaii und Japan segelte. Kenichi Horie ist jedoch vor allem daf\u00fcr bekannt, dass er 1996 die erste vollst\u00e4ndige \u00dcberquerung des Pazifischen Ozeans mit einem Solarboot durchf\u00fchrte. Die erste \u00dcberquerung des Atlantiks wurde zwischen 2006 und 2007 von der Sun21, einem Schweizer Solarboot durchgef\u00fchrt. Die n\u00e4chste grosse Herausforderung war die Weltumrundung, welche von PlanetSolar zwischen 2010 und 2012 durchgef\u00fchrt wurde.<\/p>\n<\/div>\n<\/div><\/div><\/div><\/div><\/div><div id=\"pg-13-3\"  class=\"panel-grid panel-has-style\" ><div class=\"fps-bigger panel-row-style panel-row-style-for-13-3\" ><div id=\"pgc-13-3-0\"  class=\"panel-grid-cell\" ><div id=\"panel-13-3-0-0\" class=\"so-panel widget widget_sow-image panel-first-child panel-last-child\" data-index=\"4\" ><div\n\t\t\t\n\t\t\tclass=\"so-widget-sow-image so-widget-sow-image-default-b062fe5d1106-13\"\n\t\t\t\n\t\t>\n<div class=\"sow-image-container\">\n\t\t<img \n\tsrc=\"https:\/\/expo.planetsolar.org\/wp-content\/uploads\/2025\/03\/Equador-Japan-Kenichi-Horie-1996-1.jpg\" width=\"2514\" height=\"1671\" srcset=\"https:\/\/expo.planetsolar.org\/wp-content\/uploads\/2025\/03\/Equador-Japan-Kenichi-Horie-1996-1.jpg 2514w, https:\/\/expo.planetsolar.org\/wp-content\/uploads\/2025\/03\/Equador-Japan-Kenichi-Horie-1996-1-300x199.jpg 300w, https:\/\/expo.planetsolar.org\/wp-content\/uploads\/2025\/03\/Equador-Japan-Kenichi-Horie-1996-1-1024x681.jpg 1024w, https:\/\/expo.planetsolar.org\/wp-content\/uploads\/2025\/03\/Equador-Japan-Kenichi-Horie-1996-1-768x510.jpg 768w, https:\/\/expo.planetsolar.org\/wp-content\/uploads\/2025\/03\/Equador-Japan-Kenichi-Horie-1996-1-1536x1021.jpg 1536w, https:\/\/expo.planetsolar.org\/wp-content\/uploads\/2025\/03\/Equador-Japan-Kenichi-Horie-1996-1-2048x1361.jpg 2048w, https:\/\/expo.planetsolar.org\/wp-content\/uploads\/2025\/03\/Equador-Japan-Kenichi-Horie-1996-1-720x480.jpg 720w, https:\/\/expo.planetsolar.org\/wp-content\/uploads\/2025\/03\/Equador-Japan-Kenichi-Horie-1996-1-272x182.jpg 272w\" sizes=\"(max-width: 2514px) 100vw, 2514px\" title=\"Equador &#8211; Japan Kenichi Horie 1996 (1)\" alt=\"\" \t\tclass=\"so-widget-image\"\/>\n\t<\/div>\n\n<\/div><\/div><\/div><\/div><\/div><\/div>","protected":false},"excerpt":{"rendered":"<p>Solar Craft: Das erste Solarboot (1974) Das erste bekannte Solarboot \u2013 Solar Craft I \u2013 stammt aus dem Jahr 1974. Es handelt sich um den Prototyp des Engl\u00e4nders Alan T. Freeman. Solar Craft I ist ein kleiner Katamaran von 2,5 m L\u00e4nge. Ausgestattet mit einem abnehmbaren Ruder und einem Propeller, der entweder durch Pedalen oder [&hellip;]<\/p>\n","protected":false},"author":1,"featured_media":0,"parent":0,"menu_order":1,"comment_status":"closed","ping_status":"closed","template":"","meta":{"footnotes":""},"class_list":["post-13","page","type-page","status-publish","hentry","post"],"_links":{"self":[{"href":"https:\/\/expo.planetsolar.org\/de\/wp-json\/wp\/v2\/pages\/13","targetHints":{"allow":["GET"]}}],"collection":[{"href":"https:\/\/expo.planetsolar.org\/de\/wp-json\/wp\/v2\/pages"}],"about":[{"href":"https:\/\/expo.planetsolar.org\/de\/wp-json\/wp\/v2\/types\/page"}],"author":[{"embeddable":true,"href":"https:\/\/expo.planetsolar.org\/de\/wp-json\/wp\/v2\/users\/1"}],"replies":[{"embeddable":true,"href":"https:\/\/expo.planetsolar.org\/de\/wp-json\/wp\/v2\/comments?post=13"}],"version-history":[{"count":12,"href":"https:\/\/expo.planetsolar.org\/de\/wp-json\/wp\/v2\/pages\/13\/revisions"}],"predecessor-version":[{"id":169,"href":"https:\/\/expo.planetsolar.org\/de\/wp-json\/wp\/v2\/pages\/13\/revisions\/169"}],"wp:attachment":[{"href":"https:\/\/expo.planetsolar.org\/de\/wp-json\/wp\/v2\/media?parent=13"}],"curies":[{"name":"wp","href":"https:\/\/api.w.org\/{rel}","templated":true}]}}