{"id":38,"date":"2025-02-10T14:14:25","date_gmt":"2025-02-10T13:14:25","guid":{"rendered":"https:\/\/expo.planetsolar.org\/?page_id=38"},"modified":"2025-03-24T12:25:26","modified_gmt":"2025-03-24T11:25:26","slug":"m03","status":"publish","type":"page","link":"https:\/\/expo.planetsolar.org\/de\/m03\/","title":{"rendered":"M2"},"content":{"rendered":"<div id=\"pl-38\"  class=\"panel-layout\" ><div id=\"pg-38-0\"  class=\"panel-grid panel-has-style\" ><div class=\"fps-bigger panel-row-style panel-row-style-for-38-0\" ><div id=\"pgc-38-0-0\"  class=\"panel-grid-cell\" ><div id=\"panel-38-0-0-0\" class=\"so-panel widget widget_sow-image panel-first-child panel-last-child\" data-index=\"0\" ><div\n\t\t\t\n\t\t\tclass=\"so-widget-sow-image so-widget-sow-image-default-b062fe5d1106-38\"\n\t\t\t\n\t\t>\n<div class=\"sow-image-container\">\n\t\t<img \n\tsrc=\"https:\/\/expo.planetsolar.org\/wp-content\/uploads\/2025\/03\/module-m02.jpg\" width=\"1920\" height=\"1281\" srcset=\"https:\/\/expo.planetsolar.org\/wp-content\/uploads\/2025\/03\/module-m02.jpg 1920w, https:\/\/expo.planetsolar.org\/wp-content\/uploads\/2025\/03\/module-m02-300x200.jpg 300w, https:\/\/expo.planetsolar.org\/wp-content\/uploads\/2025\/03\/module-m02-1024x683.jpg 1024w, https:\/\/expo.planetsolar.org\/wp-content\/uploads\/2025\/03\/module-m02-768x512.jpg 768w, https:\/\/expo.planetsolar.org\/wp-content\/uploads\/2025\/03\/module-m02-1536x1025.jpg 1536w, https:\/\/expo.planetsolar.org\/wp-content\/uploads\/2025\/03\/module-m02-720x480.jpg 720w, https:\/\/expo.planetsolar.org\/wp-content\/uploads\/2025\/03\/module-m02-272x182.jpg 272w\" sizes=\"(max-width: 1920px) 100vw, 1920px\" alt=\"\" \t\tclass=\"so-widget-image\"\/>\n\t<\/div>\n\n<\/div><\/div><\/div><\/div><\/div><div id=\"pg-38-1\"  class=\"panel-grid panel-has-style\" ><div class=\"fps-bigger panel-row-style panel-row-style-for-38-1\" ><div id=\"pgc-38-1-0\"  class=\"panel-grid-cell\" ><div id=\"panel-38-1-0-0\" class=\"so-panel widget widget_sow-editor panel-first-child panel-last-child\" data-index=\"1\" ><div\n\t\t\t\n\t\t\tclass=\"so-widget-sow-editor so-widget-sow-editor-base\"\n\t\t\t\n\t\t>\n<div class=\"siteorigin-widget-tinymce textwidget\">\n\t<h2>Planet Solar: Erste Weltumrundung mit Solarenergie (2010\/2012)<\/h2>\n<p>Am 27. September 2010 beginnt PlanetSolar seine Weltumrundung in Monaco. Seine Reise beginnt mit der \u00dcberquerung des Atlantischen Ozeans. Nahe der \u00c4quatorlinie, die eine optimale Sonneneinstrahlung erm\u00f6glicht, nimmt der Solar-Katamaran anschliessend die Route durch den Panamakanal. Nach der \u00dcberquerung des Pazifischen Ozeans ist es das erste Solarboot in der Geschichte, das im Indischen Ozean segelt. Danach erreicht er das Mittelmeer \u00fcber den Suezkanal. Am 4. Mai 2012, beim Einlaufen in den Hafen von Monaco, beendet PlanetSolar seine Weltumrundung nach 585 Tagen auf See und mehr als 60.000 km zur\u00fcckgelegter Strecke. An jedem Halt (unter anderem in Miami, Cancun, Brisbane, Singapur, Abu Dhabi usw.) diente die Anwesenheit von PlanetSolar als Plattform zur F\u00f6rderung von Solarenergie und Energieeffizienz. Die Realisierung dieser ersten solarbetriebenen Weltumrundung hat weltweit die Effizienz und Zuverl\u00e4ssigkeit der Photovoltaik unter Beweis gestellt.<\/p>\n<\/div>\n<\/div><\/div><\/div><\/div><\/div><div id=\"pg-38-2\"  class=\"panel-grid panel-has-style\" ><div class=\"fps-bigger panel-row-style panel-row-style-for-38-2\" ><div id=\"pgc-38-2-0\"  class=\"panel-grid-cell\" ><div id=\"panel-38-2-0-0\" class=\"so-panel widget widget_sow-image panel-first-child panel-last-child\" data-index=\"2\" ><div\n\t\t\t\n\t\t\tclass=\"so-widget-sow-image so-widget-sow-image-default-b062fe5d1106-38\"\n\t\t\t\n\t\t>\n<div class=\"sow-image-container\">\n\t\t<img \n\tsrc=\"https:\/\/expo.planetsolar.org\/wp-content\/uploads\/2025\/03\/planetsolar.jpg\" width=\"1542\" height=\"798\" srcset=\"https:\/\/expo.planetsolar.org\/wp-content\/uploads\/2025\/03\/planetsolar.jpg 1542w, https:\/\/expo.planetsolar.org\/wp-content\/uploads\/2025\/03\/planetsolar-300x155.jpg 300w, https:\/\/expo.planetsolar.org\/wp-content\/uploads\/2025\/03\/planetsolar-1024x530.jpg 1024w, https:\/\/expo.planetsolar.org\/wp-content\/uploads\/2025\/03\/planetsolar-768x397.jpg 768w, https:\/\/expo.planetsolar.org\/wp-content\/uploads\/2025\/03\/planetsolar-1536x795.jpg 1536w\" sizes=\"(max-width: 1542px) 100vw, 1542px\" alt=\"\" \t\tclass=\"so-widget-image\"\/>\n\t<\/div>\n\n<\/div><\/div><\/div><\/div><\/div><div id=\"pg-38-3\"  class=\"panel-grid panel-has-style\" ><div class=\"fps-bigger panel-row-style panel-row-style-for-38-3\" ><div id=\"pgc-38-3-0\"  class=\"panel-grid-cell\" ><div id=\"panel-38-3-0-0\" class=\"so-panel widget widget_sow-editor panel-first-child panel-last-child\" data-index=\"3\" ><div\n\t\t\t\n\t\t\tclass=\"so-widget-sow-editor so-widget-sow-editor-base\"\n\t\t\t\n\t\t>\n<div class=\"siteorigin-widget-tinymce textwidget\">\n\t<h2>Planet Solar \/ Race for Water<\/h2>\n<p>Die erste Weltumrundung mit Sonnenenergie wurde vom Schweizer \u00d6ko-Explorator Rapha\u00ebl Domjan erdacht und geleitet mit dem Schiff \u201cPlanetSolar\u201d. Ab 2008 wurde der Bau des Bootes in Kiel durchgef\u00fchrt, vollst\u00e4ndig finanziert von dem deutschen Unternehmer Immo Str\u00f6her. Die PlanetSolar erm\u00f6glichte die erste Weltumumrundung der Geschichte, welche ausschliesslich durch Solarenergie angetrieben wurde, zwischen 2010 und 2012. Seitdem hat der PlanetSolar-Katamaran verschiedene wissenschaftliche Emissionen zugunsten der Umwelt unternommen. Er wurde modifiziert, um die Wasserstofftechnologie nutzen zu k\u00f6nnen. 2015 wurde die PlanetSolar zu \u201cRace for Water\u201d, nach dem Namen der Stiftung umbenannt und widmet sich heute an Missionen zur Bewahrung der Gew\u00e4sser vor Plastikverschmutzung.<\/p>\n<\/div>\n<\/div><\/div><\/div><\/div><\/div><div id=\"pg-38-4\"  class=\"panel-grid panel-has-style\" ><div class=\"fps-bigger panel-row-style panel-row-style-for-38-4\" ><div id=\"pgc-38-4-0\"  class=\"panel-grid-cell\" ><div id=\"panel-38-4-0-0\" class=\"so-panel widget widget_sow-image panel-first-child panel-last-child\" data-index=\"4\" ><div\n\t\t\t\n\t\t\tclass=\"so-widget-sow-image so-widget-sow-image-default-b062fe5d1106-38\"\n\t\t\t\n\t\t>\n<div class=\"sow-image-container\">\n\t\t<img \n\tsrc=\"https:\/\/expo.planetsolar.org\/wp-content\/uploads\/2025\/03\/race4water.jpg\" width=\"1127\" height=\"751\" srcset=\"https:\/\/expo.planetsolar.org\/wp-content\/uploads\/2025\/03\/race4water.jpg 1127w, https:\/\/expo.planetsolar.org\/wp-content\/uploads\/2025\/03\/race4water-300x200.jpg 300w, https:\/\/expo.planetsolar.org\/wp-content\/uploads\/2025\/03\/race4water-1024x682.jpg 1024w, https:\/\/expo.planetsolar.org\/wp-content\/uploads\/2025\/03\/race4water-768x512.jpg 768w, https:\/\/expo.planetsolar.org\/wp-content\/uploads\/2025\/03\/race4water-720x480.jpg 720w, https:\/\/expo.planetsolar.org\/wp-content\/uploads\/2025\/03\/race4water-272x182.jpg 272w\" sizes=\"(max-width: 1127px) 100vw, 1127px\" alt=\"\" \t\tclass=\"so-widget-image\"\/>\n\t<\/div>\n\n<\/div><\/div><\/div><div id=\"pgc-38-4-1\"  class=\"panel-grid-cell\" ><div id=\"panel-38-4-1-0\" class=\"so-panel widget widget_sow-image panel-first-child panel-last-child\" data-index=\"5\" ><div\n\t\t\t\n\t\t\tclass=\"so-widget-sow-image so-widget-sow-image-default-b062fe5d1106-38\"\n\t\t\t\n\t\t>\n<div class=\"sow-image-container\">\n\t\t<img \n\tsrc=\"https:\/\/expo.planetsolar.org\/wp-content\/uploads\/2025\/03\/RACE_FOR_WATER_AERIAL_GUADELOUPE_JAN_2018_PHOTO_PETER_CHARAF_DJI_B0005_WEB.jpg\" width=\"1200\" height=\"799\" srcset=\"https:\/\/expo.planetsolar.org\/wp-content\/uploads\/2025\/03\/RACE_FOR_WATER_AERIAL_GUADELOUPE_JAN_2018_PHOTO_PETER_CHARAF_DJI_B0005_WEB.jpg 1200w, https:\/\/expo.planetsolar.org\/wp-content\/uploads\/2025\/03\/RACE_FOR_WATER_AERIAL_GUADELOUPE_JAN_2018_PHOTO_PETER_CHARAF_DJI_B0005_WEB-300x200.jpg 300w, https:\/\/expo.planetsolar.org\/wp-content\/uploads\/2025\/03\/RACE_FOR_WATER_AERIAL_GUADELOUPE_JAN_2018_PHOTO_PETER_CHARAF_DJI_B0005_WEB-1024x682.jpg 1024w, https:\/\/expo.planetsolar.org\/wp-content\/uploads\/2025\/03\/RACE_FOR_WATER_AERIAL_GUADELOUPE_JAN_2018_PHOTO_PETER_CHARAF_DJI_B0005_WEB-768x511.jpg 768w, https:\/\/expo.planetsolar.org\/wp-content\/uploads\/2025\/03\/RACE_FOR_WATER_AERIAL_GUADELOUPE_JAN_2018_PHOTO_PETER_CHARAF_DJI_B0005_WEB-720x480.jpg 720w, https:\/\/expo.planetsolar.org\/wp-content\/uploads\/2025\/03\/RACE_FOR_WATER_AERIAL_GUADELOUPE_JAN_2018_PHOTO_PETER_CHARAF_DJI_B0005_WEB-272x182.jpg 272w\" sizes=\"(max-width: 1200px) 100vw, 1200px\" alt=\"\" \t\tclass=\"so-widget-image\"\/>\n\t<\/div>\n\n<\/div><\/div><\/div><\/div><\/div><\/div>","protected":false},"excerpt":{"rendered":"<p>Planet Solar: Erste Weltumrundung mit Solarenergie (2010\/2012) Am 27. September 2010 beginnt PlanetSolar seine Weltumrundung in Monaco. Seine Reise beginnt mit der \u00dcberquerung des Atlantischen Ozeans. Nahe der \u00c4quatorlinie, die eine optimale Sonneneinstrahlung erm\u00f6glicht, nimmt der Solar-Katamaran anschliessend die Route durch den Panamakanal. Nach der \u00dcberquerung des Pazifischen Ozeans ist es das erste Solarboot in [&hellip;]<\/p>\n","protected":false},"author":1,"featured_media":0,"parent":0,"menu_order":2,"comment_status":"closed","ping_status":"closed","template":"","meta":{"footnotes":""},"class_list":["post-38","page","type-page","status-publish","hentry","post"],"_links":{"self":[{"href":"https:\/\/expo.planetsolar.org\/de\/wp-json\/wp\/v2\/pages\/38","targetHints":{"allow":["GET"]}}],"collection":[{"href":"https:\/\/expo.planetsolar.org\/de\/wp-json\/wp\/v2\/pages"}],"about":[{"href":"https:\/\/expo.planetsolar.org\/de\/wp-json\/wp\/v2\/types\/page"}],"author":[{"embeddable":true,"href":"https:\/\/expo.planetsolar.org\/de\/wp-json\/wp\/v2\/users\/1"}],"replies":[{"embeddable":true,"href":"https:\/\/expo.planetsolar.org\/de\/wp-json\/wp\/v2\/comments?post=38"}],"version-history":[{"count":9,"href":"https:\/\/expo.planetsolar.org\/de\/wp-json\/wp\/v2\/pages\/38\/revisions"}],"predecessor-version":[{"id":156,"href":"https:\/\/expo.planetsolar.org\/de\/wp-json\/wp\/v2\/pages\/38\/revisions\/156"}],"wp:attachment":[{"href":"https:\/\/expo.planetsolar.org\/de\/wp-json\/wp\/v2\/media?parent=38"}],"curies":[{"name":"wp","href":"https:\/\/api.w.org\/{rel}","templated":true}]}}