{"id":40,"date":"2025-02-10T14:15:06","date_gmt":"2025-02-10T13:15:06","guid":{"rendered":"https:\/\/expo.planetsolar.org\/?page_id=40"},"modified":"2025-03-24T14:16:09","modified_gmt":"2025-03-24T13:16:09","slug":"m04","status":"publish","type":"page","link":"https:\/\/expo.planetsolar.org\/de\/m04\/","title":{"rendered":"M3"},"content":{"rendered":"<div id=\"pl-40\"  class=\"panel-layout\" ><div id=\"pg-40-0\"  class=\"panel-grid panel-has-style\" ><div class=\"fps-bigger panel-row-style panel-row-style-for-40-0\" ><div id=\"pgc-40-0-0\"  class=\"panel-grid-cell\" ><div id=\"panel-40-0-0-0\" class=\"so-panel widget widget_sow-image panel-first-child panel-last-child\" data-index=\"0\" ><div\n\t\t\t\n\t\t\tclass=\"so-widget-sow-image so-widget-sow-image-default-b062fe5d1106-40\"\n\t\t\t\n\t\t>\n<div class=\"sow-image-container\">\n\t\t<img \n\tsrc=\"https:\/\/expo.planetsolar.org\/wp-content\/uploads\/2025\/03\/XOF1-over-the-frozen-Arctic-Ocean-by-XOF1.jpg\" width=\"1449\" height=\"966\" srcset=\"https:\/\/expo.planetsolar.org\/wp-content\/uploads\/2025\/03\/XOF1-over-the-frozen-Arctic-Ocean-by-XOF1.jpg 1449w, https:\/\/expo.planetsolar.org\/wp-content\/uploads\/2025\/03\/XOF1-over-the-frozen-Arctic-Ocean-by-XOF1-300x200.jpg 300w, https:\/\/expo.planetsolar.org\/wp-content\/uploads\/2025\/03\/XOF1-over-the-frozen-Arctic-Ocean-by-XOF1-1024x683.jpg 1024w, https:\/\/expo.planetsolar.org\/wp-content\/uploads\/2025\/03\/XOF1-over-the-frozen-Arctic-Ocean-by-XOF1-768x512.jpg 768w, https:\/\/expo.planetsolar.org\/wp-content\/uploads\/2025\/03\/XOF1-over-the-frozen-Arctic-Ocean-by-XOF1-720x480.jpg 720w, https:\/\/expo.planetsolar.org\/wp-content\/uploads\/2025\/03\/XOF1-over-the-frozen-Arctic-Ocean-by-XOF1-272x182.jpg 272w\" sizes=\"(max-width: 1449px) 100vw, 1449px\" title=\"XOF1 over the frozen Arctic Ocean by XOF1\" alt=\"\" \t\tclass=\"so-widget-image\"\/>\n\t<\/div>\n\n<\/div><\/div><\/div><\/div><\/div><div id=\"pg-40-1\"  class=\"panel-grid panel-has-style\" ><div class=\"fps-bigger panel-row-style panel-row-style-for-40-1\" ><div id=\"pgc-40-1-0\"  class=\"panel-grid-cell\" ><div id=\"panel-40-1-0-0\" class=\"so-panel widget widget_sow-editor panel-first-child panel-last-child\" data-index=\"1\" ><div\n\t\t\t\n\t\t\tclass=\"so-widget-sow-editor so-widget-sow-editor-base\"\n\t\t\t\n\t\t>\n<div class=\"siteorigin-widget-tinymce textwidget\">\n\t<h2>Solarfahrzeug<\/h2>\n<p>Das erste Solarauto der Geschichte wurde 1960 von dem US-Amerikaner Charles Escoffery vorgestellt. Es handelte sich um einen Baker, ein Elektroauto aus dem Jahr 1912, das mit Solarzellen ausgestattet wurde. Nach diesem bahnbrechenden Projekt, das in den Medien auf der ganzen Welt grosse Beachtung fand, wurden von England \u00fcber Israel bis nach Japan mehrere solarbetriebene Prototypen entwickelt. In den 1980er Jahren wurden die ersten Rennen mit Solarautos veranstaltet: die erste Tour de Sol in der Schweiz 1985 und die World Solar Challenge 1987 in Australien. Solarfahrzeuge ebneten den Weg f\u00fcr grossartige Abenteuer und Heldentaten, welche der F\u00f6rderung der Solarenergie Vorschub leistete, wie z. B. die Durchquerung von Kanada und die Polarregionen durch Marcelo Da Luz im Jahr 2008. Im Jahr 2016 reiste Naveen Rabelli von Indien bis nach England mit einem solarbetriebenen Tuk-Tuk. Und parallel zu diesen inspirierenden Abenteuern ist die Alltagsnutzung von Solarautos eine Idee, die sich immer weiter durchsetzt, wie die Autos von Venturi Automobile.<\/p>\n<\/div>\n<\/div><\/div><\/div><div id=\"pgc-40-1-1\"  class=\"panel-grid-cell\" ><div id=\"panel-40-1-1-0\" class=\"so-panel widget widget_sow-image panel-first-child panel-last-child\" data-index=\"2\" ><div\n\t\t\t\n\t\t\tclass=\"so-widget-sow-image so-widget-sow-image-default-b062fe5d1106-40\"\n\t\t\t\n\t\t>\n<div class=\"sow-image-container\">\n\t\t<img \n\tsrc=\"https:\/\/expo.planetsolar.org\/wp-content\/uploads\/2025\/03\/voiture-venturi.jpg\" width=\"1182\" height=\"788\" srcset=\"https:\/\/expo.planetsolar.org\/wp-content\/uploads\/2025\/03\/voiture-venturi.jpg 1182w, https:\/\/expo.planetsolar.org\/wp-content\/uploads\/2025\/03\/voiture-venturi-300x200.jpg 300w, https:\/\/expo.planetsolar.org\/wp-content\/uploads\/2025\/03\/voiture-venturi-1024x683.jpg 1024w, https:\/\/expo.planetsolar.org\/wp-content\/uploads\/2025\/03\/voiture-venturi-768x512.jpg 768w, https:\/\/expo.planetsolar.org\/wp-content\/uploads\/2025\/03\/voiture-venturi-720x480.jpg 720w, https:\/\/expo.planetsolar.org\/wp-content\/uploads\/2025\/03\/voiture-venturi-272x182.jpg 272w\" sizes=\"(max-width: 1182px) 100vw, 1182px\" alt=\"\" \t\tclass=\"so-widget-image\"\/>\n\t<\/div>\n\n<\/div><\/div><\/div><\/div><\/div><div id=\"pg-40-2\"  class=\"panel-grid panel-has-style\" ><div class=\"fps-bigger panel-row-style panel-row-style-for-40-2\" ><div id=\"pgc-40-2-0\"  class=\"panel-grid-cell\" ><div id=\"panel-40-2-0-0\" class=\"so-panel widget widget_sow-image panel-first-child panel-last-child\" data-index=\"3\" ><div\n\t\t\t\n\t\t\tclass=\"so-widget-sow-image so-widget-sow-image-default-b062fe5d1106-40\"\n\t\t\t\n\t\t>\n<div class=\"sow-image-container\">\n\t\t<img \n\tsrc=\"https:\/\/expo.planetsolar.org\/wp-content\/uploads\/2025\/03\/jamais-contente-original-01.jpg\" width=\"478\" height=\"332\" srcset=\"https:\/\/expo.planetsolar.org\/wp-content\/uploads\/2025\/03\/jamais-contente-original-01.jpg 478w, https:\/\/expo.planetsolar.org\/wp-content\/uploads\/2025\/03\/jamais-contente-original-01-300x208.jpg 300w\" sizes=\"(max-width: 478px) 100vw, 478px\" alt=\"\" \t\tclass=\"so-widget-image\"\/>\n\t<\/div>\n\n<\/div><\/div><\/div><div id=\"pgc-40-2-1\"  class=\"panel-grid-cell\" ><div id=\"panel-40-2-1-0\" class=\"so-panel widget widget_sow-editor panel-first-child panel-last-child\" data-index=\"4\" ><div\n\t\t\t\n\t\t\tclass=\"so-widget-sow-editor so-widget-sow-editor-base\"\n\t\t\t\n\t\t>\n<div class=\"siteorigin-widget-tinymce textwidget\">\n\t<h2>Der elektrische Motor<\/h2>\n<p>Elektroautos tauchten bereits Ende des 19. Jahrhunderts auf. Im Jahr 1899 \u00fcberschritt das franz\u00f6sische Elektroauto mit dem Namen \u201cLa Jamais contente\u201ddie Geschwindigkeit von 100 km\/h, was f\u00fcr die damalige Zeit eine echte Leistung darstellte. Es war das erste Mal, dass ein Kraftfahrzeug, egal welcher Motortyp eine solche Geschwindigkeit erreichte. Vor dem Ersten Weltkrieg gab es in Paris und London eine ganze Reihe von Elektrotaxis, aber danach gewann der Benzinmotor allm\u00e4hlich die Oberhand. In Bezug auf die Navigation wurde das erste elektrische Schiff \u201cEureka\u201d im Jahr 1886 in Frankreich gebaut. Gegen Ende des 19. Jahrhunderts wurden Elektroschiffe vor allem in England popul\u00e4r. Diese waren in der Tat leise und sauber im Vergleich zu den Dampfschiffen. Aber auch hier \u00fcbernahmen Benzinmotoren die Oberhand gegen\u00fcber den Elektroantrieben, \u00e4hnlich wie bei den Strassenfahrzeugen wurden auch die Elektroschiffe nicht mehr weiterentwickelt.<\/p>\n<\/div>\n<\/div><\/div><\/div><\/div><\/div><\/div>","protected":false},"excerpt":{"rendered":"<p>Solarfahrzeug Das erste Solarauto der Geschichte wurde 1960 von dem US-Amerikaner Charles Escoffery vorgestellt. Es handelte sich um einen Baker, ein Elektroauto aus dem Jahr 1912, das mit Solarzellen ausgestattet wurde. Nach diesem bahnbrechenden Projekt, das in den Medien auf der ganzen Welt grosse Beachtung fand, wurden von England \u00fcber Israel bis nach Japan mehrere [&hellip;]<\/p>\n","protected":false},"author":1,"featured_media":0,"parent":0,"menu_order":3,"comment_status":"closed","ping_status":"closed","template":"","meta":{"footnotes":""},"class_list":["post-40","page","type-page","status-publish","hentry","post"],"_links":{"self":[{"href":"https:\/\/expo.planetsolar.org\/de\/wp-json\/wp\/v2\/pages\/40","targetHints":{"allow":["GET"]}}],"collection":[{"href":"https:\/\/expo.planetsolar.org\/de\/wp-json\/wp\/v2\/pages"}],"about":[{"href":"https:\/\/expo.planetsolar.org\/de\/wp-json\/wp\/v2\/types\/page"}],"author":[{"embeddable":true,"href":"https:\/\/expo.planetsolar.org\/de\/wp-json\/wp\/v2\/users\/1"}],"replies":[{"embeddable":true,"href":"https:\/\/expo.planetsolar.org\/de\/wp-json\/wp\/v2\/comments?post=40"}],"version-history":[{"count":7,"href":"https:\/\/expo.planetsolar.org\/de\/wp-json\/wp\/v2\/pages\/40\/revisions"}],"predecessor-version":[{"id":189,"href":"https:\/\/expo.planetsolar.org\/de\/wp-json\/wp\/v2\/pages\/40\/revisions\/189"}],"wp:attachment":[{"href":"https:\/\/expo.planetsolar.org\/de\/wp-json\/wp\/v2\/media?parent=40"}],"curies":[{"name":"wp","href":"https:\/\/api.w.org\/{rel}","templated":true}]}}