{"id":42,"date":"2025-02-10T14:16:00","date_gmt":"2025-02-10T13:16:00","guid":{"rendered":"https:\/\/expo.planetsolar.org\/?page_id=42"},"modified":"2025-03-26T15:17:52","modified_gmt":"2025-03-26T14:17:52","slug":"m05","status":"publish","type":"page","link":"https:\/\/expo.planetsolar.org\/de\/m05\/","title":{"rendered":"M4"},"content":{"rendered":"<div id=\"pl-42\"  class=\"panel-layout\" ><div id=\"pg-42-0\"  class=\"panel-grid panel-has-style\" ><div class=\"fps-bigger panel-row-style panel-row-style-for-42-0\" ><div id=\"pgc-42-0-0\"  class=\"panel-grid-cell\" ><div id=\"panel-42-0-0-0\" class=\"so-panel widget widget_sow-image panel-first-child panel-last-child\" data-index=\"0\" ><div\n\t\t\t\n\t\t\tclass=\"so-widget-sow-image so-widget-sow-image-default-b062fe5d1106-42\"\n\t\t\t\n\t\t>\n<div class=\"sow-image-container\">\n\t\t<img \n\tsrc=\"https:\/\/expo.planetsolar.org\/wp-content\/uploads\/2025\/03\/module-m04.jpg\" width=\"1920\" height=\"1281\" srcset=\"https:\/\/expo.planetsolar.org\/wp-content\/uploads\/2025\/03\/module-m04.jpg 1920w, https:\/\/expo.planetsolar.org\/wp-content\/uploads\/2025\/03\/module-m04-300x200.jpg 300w, https:\/\/expo.planetsolar.org\/wp-content\/uploads\/2025\/03\/module-m04-1024x683.jpg 1024w, https:\/\/expo.planetsolar.org\/wp-content\/uploads\/2025\/03\/module-m04-768x512.jpg 768w, https:\/\/expo.planetsolar.org\/wp-content\/uploads\/2025\/03\/module-m04-1536x1025.jpg 1536w, https:\/\/expo.planetsolar.org\/wp-content\/uploads\/2025\/03\/module-m04-720x480.jpg 720w, https:\/\/expo.planetsolar.org\/wp-content\/uploads\/2025\/03\/module-m04-272x182.jpg 272w\" sizes=\"(max-width: 1920px) 100vw, 1920px\" alt=\"\" \t\tclass=\"so-widget-image\"\/>\n\t<\/div>\n\n<\/div><\/div><\/div><\/div><\/div><div id=\"pg-42-1\"  class=\"panel-grid panel-has-style\" ><div class=\"fps-bigger panel-row-style panel-row-style-for-42-1\" ><div id=\"pgc-42-1-0\"  class=\"panel-grid-cell\" ><div id=\"panel-42-1-0-0\" class=\"so-panel widget widget_sow-editor panel-first-child panel-last-child\" data-index=\"1\" ><div\n\t\t\t\n\t\t\tclass=\"so-widget-sow-editor so-widget-sow-editor-base\"\n\t\t\t\n\t\t>\n<div class=\"siteorigin-widget-tinymce textwidget\">\n\t<h2>Solar One: Erster Solarflug (1978)<\/h2>\n<p>Am 19. Dezember 1978 f\u00fchrt Solar One den ersten bemannten Solarflug der Geschichte w\u00e4hrend seinem Er\u00f6ffnungsflug auf dem Lasham Airfield in England durch. Dieses Flugzeug, entworfen von David Williams und Fred To mit ihrer Firma Solar-Powered Aircraft Developments, nutzt eine Batterie, die es ihm erm\u00f6glicht, gen\u00fcgend Solarenergie f\u00fcr kurze Fl\u00fcge zu speichern. Solar One ist ein einmotoriges Flugzeug mit einer Spannweite von 20 m, einem Leergewicht von 104 kg und vier Motoren, die einen einzigen Propeller antreiben. Die verwendeten Solarzellen sind insgesamt 750 St\u00fccke. Auf dem Modell des Solarflugzeugs, das vor dem Bau von Solar One erstellt wurde, hatten die Erfinder vorgesehen, die gesamten Fl\u00fcgel mit Solarzellen zu bedecken. Doch aufgrund fehlender finanzieller Mittel \u2013 die Solarzellen waren damals sehr teuer \u2013 mussten sie sich darauf beschr\u00e4nken, nur einen kleinen Teil der Fl\u00fcgel mit Solarzellen auszustatten.<\/p>\n<\/div>\n<\/div><\/div><\/div><div id=\"pgc-42-1-1\"  class=\"panel-grid-cell\" ><div id=\"panel-42-1-1-0\" class=\"so-panel widget widget_sow-editor panel-first-child panel-last-child\" data-index=\"2\" ><div\n\t\t\t\n\t\t\tclass=\"so-widget-sow-editor so-widget-sow-editor-base\"\n\t\t\t\n\t\t>\n<div class=\"siteorigin-widget-tinymce textwidget\">\n\t<h2>Solar Impulse: Erste Weltumrundung mit einem Solarflugzeug (2015\/2016)<\/h2>\n<p>Stellen Sie sich ein Flugzeug vor, das mehr Energie erzeugt, als es verbraucht... Was w\u00e4re, wenn die Welt von morgen nach diesem Modell funktionieren w\u00fcrde, anstatt ihre nat\u00fcrlichen Ressourcen zu ersch\u00f6pfen? Die Erde in einem futuristischen Flugzeug zu umrunden, um die Nutzung sauberer Technologien und erneuerbarer Energien zu f\u00f6rdern. Das war die Vision von Bertrand Piccard, Arzt und Forscher, der die Solar-Impulse-Mission ins Leben rief. Diese Vision wurde im Juli 2010 Wirklichkeit mit dem ersten Nachtflug des Solarflugzeugs HB-SIA, dessen Bau von Andr\u00e9 Borschberg, Ingenieur und Unternehmer, geleitet wurde. Der Traum vom unendlichen Flug, der eine Weltumrundung mit \u00dcberquerung der Ozeane erm\u00f6glichte, r\u00fcckte endlich in greifbare N\u00e4he! Das zweite Flugzeug, Solar Impulse HB-SIB, begann seine Weltreise im M\u00e4rz 2015 in Abu Dhabi. Nach \u00fcber einem Jahr und 17 Etappen, darunter der l\u00e4ngste jemals absolvierte Alleinflug und der erste transatlantische Flug eines Solarflugzeugs, vollendete Solar Impulse seine Reise am 26. Juli 2016. 40.000 Kilometer ohne einen einzigen Tropfen Treibstoff, nur mit der Energie der Sonne: mehr als nur ein Luftfahrt-Meilenstein, eine Premiere f\u00fcr die Energiebranche! Ein Erfolg, den die Stiftung Solar Impulse heute weiterf\u00fchrt, indem sie 1000 L\u00f6sungen zur wirtschaftlich rentablen Umweltbewahrung ausw\u00e4hlt und zertifiziert. Ziel ist es, Entscheidungstr\u00e4ger dazu zu ermutigen, ehrgeizigere Energie- und Umweltpolitiken zu verfolgen.<\/p>\n<\/div>\n<\/div><\/div><\/div><\/div><\/div><div id=\"pg-42-2\"  class=\"panel-grid panel-has-style\" ><div class=\"fps-bigger panel-row-style panel-row-style-for-42-2\" ><div id=\"pgc-42-2-0\"  class=\"panel-grid-cell\" ><div id=\"panel-42-2-0-0\" class=\"so-panel widget widget_sow-image panel-first-child panel-last-child\" data-index=\"3\" ><div\n\t\t\t\n\t\t\tclass=\"so-widget-sow-image so-widget-sow-image-default-b062fe5d1106-42\"\n\t\t\t\n\t\t>\n<div class=\"sow-image-container\">\n\t\t<img \n\tsrc=\"https:\/\/expo.planetsolar.org\/wp-content\/uploads\/2025\/03\/Solar-One.jpg\" width=\"2256\" height=\"1265\" srcset=\"https:\/\/expo.planetsolar.org\/wp-content\/uploads\/2025\/03\/Solar-One.jpg 2256w, https:\/\/expo.planetsolar.org\/wp-content\/uploads\/2025\/03\/Solar-One-300x168.jpg 300w, https:\/\/expo.planetsolar.org\/wp-content\/uploads\/2025\/03\/Solar-One-1024x574.jpg 1024w, https:\/\/expo.planetsolar.org\/wp-content\/uploads\/2025\/03\/Solar-One-768x431.jpg 768w, https:\/\/expo.planetsolar.org\/wp-content\/uploads\/2025\/03\/Solar-One-1536x861.jpg 1536w, https:\/\/expo.planetsolar.org\/wp-content\/uploads\/2025\/03\/Solar-One-2048x1148.jpg 2048w\" sizes=\"(max-width: 2256px) 100vw, 2256px\" title=\"Solar One\" alt=\"\" \t\tclass=\"so-widget-image\"\/>\n\t<\/div>\n\n<\/div><\/div><\/div><\/div><\/div><div id=\"pg-42-3\"  class=\"panel-grid panel-has-style\" ><div class=\"fps-bigger panel-row-style panel-row-style-for-42-3\" ><div id=\"pgc-42-3-0\"  class=\"panel-grid-cell\" ><div id=\"panel-42-3-0-0\" class=\"so-panel widget widget_sow-editor panel-first-child panel-last-child\" data-index=\"4\" ><div\n\t\t\t\n\t\t\tclass=\"so-widget-sow-editor so-widget-sow-editor-base\"\n\t\t\t\n\t\t>\n<div class=\"siteorigin-widget-tinymce textwidget\">\n\t<h2>Solarflugzeug<\/h2>\n<p>Der Traum vom ewigen, lautlosen Flug leitete die Pioniere der Solarfl\u00fcge. In den sp\u00e4ten 1970er Jahren begannen mehrere Erfinder einen regelrechten Wettlauf um den \u201eersten Solarflug\u201c. Es war Solar One, gebaut von Fred To und David Williams, dass am 19. Dezember 1978 in England vom Boden abhebt. Kurz darauf fliegt Dr. Paul B. MacCready mit dem Gossamer Penguin in Kalifornien. Leider gelang es diesem Flugzeug nicht eine H\u00f6he von einigen Metern zu \u00fcberschreiten. Ein zweiter Prototyp Solarflugzeug wird gebaut, der Solar Challenger. Er erreichte eine H\u00f6he von 4.000m mit der Pilotin Janice Brown am Steuer. Die erste \u00dcberquerung des \u00c4rmelkanals mit einem Solarflugzeug wurde kurz darauf, am 7. Juli 1981, durchgef\u00fchrt. Das ewige Fliegen wird nun zum Ziel der Solarfliegerei: durch Tag und Nacht fliegen und dabei die Energie in Batterien speichern. Dieser Traum wird mit Solar Impulse erf\u00fcllt, der zwischen 2015 und 2016 die erste Weltumrundung in einem Solarflugzeug absolvierte.<\/p>\n<\/div>\n<\/div><\/div><\/div><\/div><\/div><div id=\"pg-42-4\"  class=\"panel-grid panel-has-style\" ><div class=\"fps-bigger panel-row-style panel-row-style-for-42-4\" ><div id=\"pgc-42-4-0\"  class=\"panel-grid-cell\" ><div id=\"panel-42-4-0-0\" class=\"so-panel widget widget_sow-image panel-first-child panel-last-child\" data-index=\"5\" ><div\n\t\t\t\n\t\t\tclass=\"so-widget-sow-image so-widget-sow-image-default-b062fe5d1106-42\"\n\t\t\t\n\t\t>\n<div class=\"sow-image-container\">\n\t\t<img \n\tsrc=\"https:\/\/expo.planetsolar.org\/wp-content\/uploads\/2025\/03\/2014_10_28_18th_Flight_Pizzolante_Solar_Impulse_2_98_BS-scaled-e1742813197517.jpg\" width=\"2560\" height=\"1690\" srcset=\"https:\/\/expo.planetsolar.org\/wp-content\/uploads\/2025\/03\/2014_10_28_18th_Flight_Pizzolante_Solar_Impulse_2_98_BS-scaled-e1742813197517.jpg 2560w, https:\/\/expo.planetsolar.org\/wp-content\/uploads\/2025\/03\/2014_10_28_18th_Flight_Pizzolante_Solar_Impulse_2_98_BS-scaled-e1742813197517-300x198.jpg 300w, https:\/\/expo.planetsolar.org\/wp-content\/uploads\/2025\/03\/2014_10_28_18th_Flight_Pizzolante_Solar_Impulse_2_98_BS-scaled-e1742813197517-1024x676.jpg 1024w, https:\/\/expo.planetsolar.org\/wp-content\/uploads\/2025\/03\/2014_10_28_18th_Flight_Pizzolante_Solar_Impulse_2_98_BS-scaled-e1742813197517-768x507.jpg 768w, https:\/\/expo.planetsolar.org\/wp-content\/uploads\/2025\/03\/2014_10_28_18th_Flight_Pizzolante_Solar_Impulse_2_98_BS-scaled-e1742813197517-1536x1014.jpg 1536w, https:\/\/expo.planetsolar.org\/wp-content\/uploads\/2025\/03\/2014_10_28_18th_Flight_Pizzolante_Solar_Impulse_2_98_BS-scaled-e1742813197517-2048x1352.jpg 2048w\" sizes=\"(max-width: 2560px) 100vw, 2560px\" title=\"Payerne, Switzerland: Today,Solar Impulse 2, the second single-seater solar aircraft of Bertrand Piccard and Andr\u00e9 Borschberg designed to take up the challenge of the first round-the-world solar flight, without any fuel in 2015, carried out its eighteenth  test flight out of the Payerne aerodrome in Switzerland. The plane flew at a high altitude. There will be several other test flights taking place in the coming months in order for this experimental machine to attain certification. They will be followed by training flights of Bertrand Piccard and Andr\u00e9 Borschberg later in the season still from Payerne airfield. The attempt to make the first round-the-world solar-powered flight is scheduled to start in March 2015 from Gulf area. Solar Impulse will fly, in order, over the Arabian Sea, India, Myanmar, China, the Pacific Ocean, the United States, the Atlantic Ocean and Southern Europe or North Africa before closing the loop by returning to the departure point. Landings will be made every few days to change pilots and organize public events for governments, schools and universities.\" alt=\"\" \t\tclass=\"so-widget-image\"\/>\n\t<\/div>\n\n<\/div><\/div><\/div><div id=\"pgc-42-4-1\"  class=\"panel-grid-cell\" ><div id=\"panel-42-4-1-0\" class=\"so-panel widget widget_sow-image panel-first-child panel-last-child\" data-index=\"6\" ><div\n\t\t\t\n\t\t\tclass=\"so-widget-sow-image so-widget-sow-image-default-b062fe5d1106-42\"\n\t\t\t\n\t\t>\n<div class=\"sow-image-container\">\n\t\t<img \n\tsrc=\"https:\/\/expo.planetsolar.org\/wp-content\/uploads\/2025\/03\/gp98_11-scaled.jpg\" width=\"2560\" height=\"1693\" srcset=\"https:\/\/expo.planetsolar.org\/wp-content\/uploads\/2025\/03\/gp98_11-scaled.jpg 2560w, https:\/\/expo.planetsolar.org\/wp-content\/uploads\/2025\/03\/gp98_11-300x198.jpg 300w, https:\/\/expo.planetsolar.org\/wp-content\/uploads\/2025\/03\/gp98_11-1024x677.jpg 1024w, https:\/\/expo.planetsolar.org\/wp-content\/uploads\/2025\/03\/gp98_11-768x508.jpg 768w, https:\/\/expo.planetsolar.org\/wp-content\/uploads\/2025\/03\/gp98_11-1536x1016.jpg 1536w, https:\/\/expo.planetsolar.org\/wp-content\/uploads\/2025\/03\/gp98_11-2048x1354.jpg 2048w\" sizes=\"(max-width: 2560px) 100vw, 2560px\" title=\"gp98_11\" alt=\"\" \t\tclass=\"so-widget-image\"\/>\n\t<\/div>\n\n<\/div><\/div><\/div><\/div><\/div><\/div>","protected":false},"excerpt":{"rendered":"<p>Solar One: Erster Solarflug (1978) Am 19. Dezember 1978 f\u00fchrt Solar One den ersten bemannten Solarflug der Geschichte w\u00e4hrend seinem Er\u00f6ffnungsflug auf dem Lasham Airfield in England durch. Dieses Flugzeug, entworfen von David Williams und Fred To mit ihrer Firma Solar-Powered Aircraft Developments, nutzt eine Batterie, die es ihm erm\u00f6glicht, gen\u00fcgend Solarenergie f\u00fcr kurze Fl\u00fcge [&hellip;]<\/p>\n","protected":false},"author":1,"featured_media":0,"parent":0,"menu_order":4,"comment_status":"closed","ping_status":"closed","template":"","meta":{"footnotes":""},"class_list":["post-42","page","type-page","status-publish","hentry","post"],"_links":{"self":[{"href":"https:\/\/expo.planetsolar.org\/de\/wp-json\/wp\/v2\/pages\/42","targetHints":{"allow":["GET"]}}],"collection":[{"href":"https:\/\/expo.planetsolar.org\/de\/wp-json\/wp\/v2\/pages"}],"about":[{"href":"https:\/\/expo.planetsolar.org\/de\/wp-json\/wp\/v2\/types\/page"}],"author":[{"embeddable":true,"href":"https:\/\/expo.planetsolar.org\/de\/wp-json\/wp\/v2\/users\/1"}],"replies":[{"embeddable":true,"href":"https:\/\/expo.planetsolar.org\/de\/wp-json\/wp\/v2\/comments?post=42"}],"version-history":[{"count":7,"href":"https:\/\/expo.planetsolar.org\/de\/wp-json\/wp\/v2\/pages\/42\/revisions"}],"predecessor-version":[{"id":218,"href":"https:\/\/expo.planetsolar.org\/de\/wp-json\/wp\/v2\/pages\/42\/revisions\/218"}],"wp:attachment":[{"href":"https:\/\/expo.planetsolar.org\/de\/wp-json\/wp\/v2\/media?parent=42"}],"curies":[{"name":"wp","href":"https:\/\/api.w.org\/{rel}","templated":true}]}}