{"id":46,"date":"2025-02-10T14:17:57","date_gmt":"2025-02-10T13:17:57","guid":{"rendered":"https:\/\/expo.planetsolar.org\/?page_id=46"},"modified":"2025-03-24T13:54:16","modified_gmt":"2025-03-24T12:54:16","slug":"m01","status":"publish","type":"page","link":"https:\/\/expo.planetsolar.org\/de\/","title":{"rendered":"M0"},"content":{"rendered":"<div id=\"pl-46\"  class=\"panel-layout\" ><div id=\"pg-46-0\"  class=\"panel-grid panel-has-style\" ><div class=\"fps-bigger panel-row-style panel-row-style-for-46-0\" ><div id=\"pgc-46-0-0\"  class=\"panel-grid-cell\" ><div id=\"panel-46-0-0-0\" class=\"so-panel widget widget_sow-image panel-first-child panel-last-child\" data-index=\"0\" ><div\n\t\t\t\n\t\t\tclass=\"so-widget-sow-image so-widget-sow-image-default-b062fe5d1106-46\"\n\t\t\t\n\t\t>\n<div class=\"sow-image-container\">\n\t\t<img \n\tsrc=\"https:\/\/expo.planetsolar.org\/wp-content\/uploads\/2025\/03\/sunset-1365830-scaled.jpg\" width=\"2560\" height=\"1707\" srcset=\"https:\/\/expo.planetsolar.org\/wp-content\/uploads\/2025\/03\/sunset-1365830-scaled.jpg 2560w, https:\/\/expo.planetsolar.org\/wp-content\/uploads\/2025\/03\/sunset-1365830-300x200.jpg 300w, https:\/\/expo.planetsolar.org\/wp-content\/uploads\/2025\/03\/sunset-1365830-1024x683.jpg 1024w, https:\/\/expo.planetsolar.org\/wp-content\/uploads\/2025\/03\/sunset-1365830-768x512.jpg 768w, https:\/\/expo.planetsolar.org\/wp-content\/uploads\/2025\/03\/sunset-1365830-1536x1024.jpg 1536w, https:\/\/expo.planetsolar.org\/wp-content\/uploads\/2025\/03\/sunset-1365830-2048x1365.jpg 2048w, https:\/\/expo.planetsolar.org\/wp-content\/uploads\/2025\/03\/sunset-1365830-720x480.jpg 720w, https:\/\/expo.planetsolar.org\/wp-content\/uploads\/2025\/03\/sunset-1365830-272x182.jpg 272w\" sizes=\"(max-width: 2560px) 100vw, 2560px\" title=\"sunset-1365830\" alt=\"\" \t\tclass=\"so-widget-image\"\/>\n\t<\/div>\n\n<\/div><\/div><\/div><\/div><\/div><div id=\"pg-46-1\"  class=\"panel-grid panel-has-style\" ><div class=\"fps-bigger panel-row-style panel-row-style-for-46-1\" ><div id=\"pgc-46-1-0\"  class=\"panel-grid-cell\" ><div id=\"panel-46-1-0-0\" class=\"so-panel widget widget_sow-editor panel-first-child panel-last-child\" data-index=\"1\" ><div\n\t\t\t\n\t\t\tclass=\"so-widget-sow-editor so-widget-sow-editor-base\"\n\t\t\t\n\t\t>\n<div class=\"siteorigin-widget-tinymce textwidget\">\n\t<h2>Die Sonne: unersch\u00f6pfliche Energiequelle:<\/h2>\n<p>Die Sonnenstrahlung, sowie die von ihrer abgegebenen W\u00e4rme erm\u00f6glichen das Leben auf der Erde. Jeden Tag gelangen fast 1000 Trillionen Kilowattstunden auf die Oberfl\u00e4che unseres Planeten. Die Energie ist da und steht frei zur Verf\u00fcgung. Schon seit einigen Jahrzehnten wissen wir wie wir sie nutzen k\u00f6nnen um sie in die Energie umzuwandeln, die wir t\u00e4glich ben\u00f6tigen. Angesichts der Herausforderungen in der heutigen Klimaproblematik erm\u00f6glicht diese so reichlich vorhandene Sonnenenergie, die uns allen geh\u00f6rt, die Aussicht auf eine nachhaltige Zukunft. Sie erm\u00f6glicht es, sich ein Universum vorzustellen, in dem es immer noch m\u00f6glich ist, zu tr\u00e4umen, zu reisen und die Welt zu entdecken, ohne der Umwelt zu schaden. Dies haben uns die Pioniere der solarbetriebenen Abenteuer und Fahrzeuge seit nun mehr als ein halbes Jahrhundert bewiesen. Zwei Elemente waren f\u00fcr die Entwicklung von Solarfahrzeugen von entscheidender Bedeutung. Dabei handelt es sich um den elektrischen Antrieb und die Entwicklung der Photovoltaik-Technologie.<\/p>\n<\/div>\n<\/div><\/div><\/div><div id=\"pgc-46-1-1\"  class=\"panel-grid-cell\" ><div id=\"panel-46-1-1-0\" class=\"so-panel widget widget_sow-editor panel-first-child panel-last-child\" data-index=\"2\" ><div\n\t\t\t\n\t\t\tclass=\"so-widget-sow-editor so-widget-sow-editor-base\"\n\t\t\t\n\t\t>\n<div class=\"siteorigin-widget-tinymce textwidget\">\n\t<h2><span lang=\"de-CH\">Die Solarrevolution!<\/span><\/h2>\n<p><span lang=\"de-CH\">Wir erleben heute eine wahre Solarrevolution. Noch nie in der Geschichte der Menschheit hat sich eine Energiequelle so schnell entwickelt. Solarenergie ist die billigste Energie, die je erzeugt wurde. Sie \u00fcbertrifft alle anderen Energieformen! <\/span><span lang=\"de-CH\">Dank technologischer Fortschritte und drastisch gesunkener Kosten breiten sich Solarpaneele weltweit aus und machen Energie f\u00fcr alle zug\u00e4nglich.\u00a0<\/span><span lang=\"de-CH\">Das Zeitalter der Solarenergie hat gerade erst begonnen!<\/span><\/p>\n<\/div>\n<\/div><\/div><\/div><\/div><\/div><div id=\"pg-46-2\"  class=\"panel-grid panel-has-style\" ><div class=\"fps-bigger panel-row-style panel-row-style-for-46-2\" ><div id=\"pgc-46-2-0\"  class=\"panel-grid-cell\" ><div id=\"panel-46-2-0-0\" class=\"so-panel widget widget_sow-image panel-first-child panel-last-child\" data-index=\"3\" ><div\n\t\t\t\n\t\t\tclass=\"so-widget-sow-image so-widget-sow-image-default-b062fe5d1106-46\"\n\t\t\t\n\t\t>\n<div class=\"sow-image-container\">\n\t\t<img \n\tsrc=\"https:\/\/expo.planetsolar.org\/wp-content\/uploads\/2025\/03\/Bell_1954.jpg\" width=\"350\" height=\"280\" srcset=\"https:\/\/expo.planetsolar.org\/wp-content\/uploads\/2025\/03\/Bell_1954.jpg 350w, https:\/\/expo.planetsolar.org\/wp-content\/uploads\/2025\/03\/Bell_1954-300x240.jpg 300w\" sizes=\"(max-width: 350px) 100vw, 350px\" alt=\"\" \t\tclass=\"so-widget-image\"\/>\n\t<\/div>\n\n<\/div><\/div><\/div><div id=\"pgc-46-2-1\"  class=\"panel-grid-cell\" ><div id=\"panel-46-2-1-0\" class=\"so-panel widget widget_sow-editor panel-first-child panel-last-child\" data-index=\"4\" ><div\n\t\t\t\n\t\t\tclass=\"so-widget-sow-editor so-widget-sow-editor-base\"\n\t\t\t\n\t\t>\n<div class=\"siteorigin-widget-tinymce textwidget\">\n\t<h2>Photovoltaik Energie<\/h2>\n<p>Im Jahr 1839, das Phenom\u00e8ne Photovoltaik<span lang=\"de-DE\">,<\/span> wurde vom franz\u00f6sischen Physiker Alexandre Edmond Becquerel entdeckt. Ihm gelang es, kleine Mengen an Strom zu erzeugen indem er bestimmte Materialien den Strahlen der Sonne aussetzt<span lang=\"de-DE\">e<\/span>. Aber die ersten Experimente zur Photovoltaik wurden nicht in Forschungslaboratorien durchgef\u00fchrt. Der eigentliche Startschuss f\u00fcr die Photovoltaik-Technologie fiel 1954 in den Bell-Laboratorien. Die Amerikaner Daryl Chaplin, Calvin Fuller und Gerald Pearson entwarfen die erste Siliziumzelle, die die Umwandlung von ausreichend Sonnenenergie f\u00fcr die Stromversorgung von elektrischen Ger\u00e4ten nutzen k<span lang=\"de-DE\">onnte<\/span>. Die Raumfahrtforschung interessierte sich f\u00fcr die Photovoltaik und 1958 wurden die ersten mit Solarenergie betriebenen Satelliten in den Weltraum geschossen.In den 1970er Jahren wurde der Preis von Solarzellen f\u00fcr den Alltagsgebrauch erschwinglich, und seither hat sich der Wirkungsgrad der Zellen stetig erh\u00f6ht und der Preis ist erheblich gesunken.<\/p>\n<\/div>\n<\/div><\/div><\/div><\/div><\/div><\/div>","protected":false},"excerpt":{"rendered":"<p>Die Sonne: unersch\u00f6pfliche Energiequelle: Die Sonnenstrahlung, sowie die von ihrer abgegebenen W\u00e4rme erm\u00f6glichen das Leben auf der Erde. Jeden Tag gelangen fast 1000 Trillionen Kilowattstunden auf die Oberfl\u00e4che unseres Planeten. Die Energie ist da und steht frei zur Verf\u00fcgung. Schon seit einigen Jahrzehnten wissen wir wie wir sie nutzen k\u00f6nnen um sie in die Energie [&hellip;]<\/p>\n","protected":false},"author":1,"featured_media":0,"parent":0,"menu_order":0,"comment_status":"closed","ping_status":"closed","template":"","meta":{"footnotes":""},"class_list":["post-46","page","type-page","status-publish","hentry","post"],"_links":{"self":[{"href":"https:\/\/expo.planetsolar.org\/de\/wp-json\/wp\/v2\/pages\/46","targetHints":{"allow":["GET"]}}],"collection":[{"href":"https:\/\/expo.planetsolar.org\/de\/wp-json\/wp\/v2\/pages"}],"about":[{"href":"https:\/\/expo.planetsolar.org\/de\/wp-json\/wp\/v2\/types\/page"}],"author":[{"embeddable":true,"href":"https:\/\/expo.planetsolar.org\/de\/wp-json\/wp\/v2\/users\/1"}],"replies":[{"embeddable":true,"href":"https:\/\/expo.planetsolar.org\/de\/wp-json\/wp\/v2\/comments?post=46"}],"version-history":[{"count":12,"href":"https:\/\/expo.planetsolar.org\/de\/wp-json\/wp\/v2\/pages\/46\/revisions"}],"predecessor-version":[{"id":174,"href":"https:\/\/expo.planetsolar.org\/de\/wp-json\/wp\/v2\/pages\/46\/revisions\/174"}],"wp:attachment":[{"href":"https:\/\/expo.planetsolar.org\/de\/wp-json\/wp\/v2\/media?parent=46"}],"curies":[{"name":"wp","href":"https:\/\/api.w.org\/{rel}","templated":true}]}}