{"id":197,"date":"2025-02-10T14:16:00","date_gmt":"2025-02-10T13:16:00","guid":{"rendered":"https:\/\/expo.planetsolar.org\/m4\/"},"modified":"2025-03-24T14:58:17","modified_gmt":"2025-03-24T13:58:17","slug":"m05","status":"publish","type":"page","link":"https:\/\/expo.planetsolar.org\/fr\/m05\/","title":{"rendered":"M4"},"content":{"rendered":"<div id=\"pl-197\"  class=\"panel-layout\" ><div id=\"pg-197-0\"  class=\"panel-grid panel-has-style\" ><div class=\"fps-bigger panel-row-style panel-row-style-for-197-0\" ><div id=\"pgc-197-0-0\"  class=\"panel-grid-cell\" ><div id=\"panel-197-0-0-0\" class=\"so-panel widget widget_sow-image panel-first-child panel-last-child\" data-index=\"0\" ><div\n\t\t\t\n\t\t\tclass=\"so-widget-sow-image so-widget-sow-image-default-b062fe5d1106-197\"\n\t\t\t\n\t\t>\n<div class=\"sow-image-container\">\n\t\t<img \n\tsrc=\"https:\/\/expo.planetsolar.org\/wp-content\/uploads\/2025\/03\/module-m04.jpg\" width=\"1920\" height=\"1281\" srcset=\"https:\/\/expo.planetsolar.org\/wp-content\/uploads\/2025\/03\/module-m04.jpg 1920w, https:\/\/expo.planetsolar.org\/wp-content\/uploads\/2025\/03\/module-m04-300x200.jpg 300w, https:\/\/expo.planetsolar.org\/wp-content\/uploads\/2025\/03\/module-m04-1024x683.jpg 1024w, https:\/\/expo.planetsolar.org\/wp-content\/uploads\/2025\/03\/module-m04-768x512.jpg 768w, https:\/\/expo.planetsolar.org\/wp-content\/uploads\/2025\/03\/module-m04-1536x1025.jpg 1536w, https:\/\/expo.planetsolar.org\/wp-content\/uploads\/2025\/03\/module-m04-720x480.jpg 720w, https:\/\/expo.planetsolar.org\/wp-content\/uploads\/2025\/03\/module-m04-272x182.jpg 272w\" sizes=\"(max-width: 1920px) 100vw, 1920px\" alt=\"\" \t\tclass=\"so-widget-image\"\/>\n\t<\/div>\n\n<\/div><\/div><\/div><\/div><\/div><div id=\"pg-197-1\"  class=\"panel-grid panel-has-style\" ><div class=\"fps-bigger panel-row-style panel-row-style-for-197-1\" ><div id=\"pgc-197-1-0\"  class=\"panel-grid-cell\" ><div id=\"panel-197-1-0-0\" class=\"so-panel widget widget_sow-editor panel-first-child panel-last-child\" data-index=\"1\" ><div\n\t\t\t\n\t\t\tclass=\"so-widget-sow-editor so-widget-sow-editor-base\"\n\t\t\t\n\t\t>\n<div class=\"siteorigin-widget-tinymce textwidget\">\n\t<h2>Solar One: Premier avion solaire (1978)<\/h2>\n<p>\u00e0 compl\u00e9ter     <\/p>\n<\/div>\n<\/div><\/div><\/div><div id=\"pgc-197-1-1\"  class=\"panel-grid-cell\" ><div id=\"panel-197-1-1-0\" class=\"so-panel widget widget_sow-editor panel-first-child panel-last-child\" data-index=\"2\" ><div\n\t\t\t\n\t\t\tclass=\"so-widget-sow-editor so-widget-sow-editor-base\"\n\t\t\t\n\t\t>\n<div class=\"siteorigin-widget-tinymce textwidget\">\n\t<h2>Solar Impulse<\/h2>\n<p>Texte \u00e0 ajouter<\/p>\n<\/div>\n<\/div><\/div><\/div><\/div><\/div><div id=\"pg-197-2\"  class=\"panel-grid panel-has-style\" ><div class=\"fps-bigger panel-row-style panel-row-style-for-197-2\" ><div id=\"pgc-197-2-0\"  class=\"panel-grid-cell\" ><div id=\"panel-197-2-0-0\" class=\"so-panel widget widget_sow-image panel-first-child panel-last-child\" data-index=\"3\" ><div\n\t\t\t\n\t\t\tclass=\"so-widget-sow-image so-widget-sow-image-default-b062fe5d1106-197\"\n\t\t\t\n\t\t>\n<div class=\"sow-image-container\">\n\t\t<img \n\tsrc=\"https:\/\/expo.planetsolar.org\/wp-content\/uploads\/2025\/03\/Solar-One.jpg\" width=\"2256\" height=\"1265\" srcset=\"https:\/\/expo.planetsolar.org\/wp-content\/uploads\/2025\/03\/Solar-One.jpg 2256w, https:\/\/expo.planetsolar.org\/wp-content\/uploads\/2025\/03\/Solar-One-300x168.jpg 300w, https:\/\/expo.planetsolar.org\/wp-content\/uploads\/2025\/03\/Solar-One-1024x574.jpg 1024w, https:\/\/expo.planetsolar.org\/wp-content\/uploads\/2025\/03\/Solar-One-768x431.jpg 768w, https:\/\/expo.planetsolar.org\/wp-content\/uploads\/2025\/03\/Solar-One-1536x861.jpg 1536w, https:\/\/expo.planetsolar.org\/wp-content\/uploads\/2025\/03\/Solar-One-2048x1148.jpg 2048w\" sizes=\"(max-width: 2256px) 100vw, 2256px\" title=\"Solar One\" alt=\"\" \t\tclass=\"so-widget-image\"\/>\n\t<\/div>\n\n<\/div><\/div><\/div><\/div><\/div><div id=\"pg-197-3\"  class=\"panel-grid panel-has-style\" ><div class=\"fps-bigger panel-row-style panel-row-style-for-197-3\" ><div id=\"pgc-197-3-0\"  class=\"panel-grid-cell\" ><div id=\"panel-197-3-0-0\" class=\"so-panel widget widget_sow-editor panel-first-child panel-last-child\" data-index=\"4\" ><div\n\t\t\t\n\t\t\tclass=\"so-widget-sow-editor so-widget-sow-editor-base\"\n\t\t\t\n\t\t>\n<div class=\"siteorigin-widget-tinymce textwidget\">\n\t<h2>Avion solaire<\/h2>\n<p>\u00e0 compl\u00e9ter         <\/p>\n<\/div>\n<\/div><\/div><\/div><\/div><\/div><div id=\"pg-197-4\"  class=\"panel-grid panel-has-style\" ><div class=\"fps-bigger panel-row-style panel-row-style-for-197-4\" ><div id=\"pgc-197-4-0\"  class=\"panel-grid-cell\" ><div id=\"panel-197-4-0-0\" class=\"so-panel widget widget_sow-image panel-first-child panel-last-child\" data-index=\"5\" ><div\n\t\t\t\n\t\t\tclass=\"so-widget-sow-image so-widget-sow-image-default-b062fe5d1106-197\"\n\t\t\t\n\t\t>\n<div class=\"sow-image-container\">\n\t\t<img \n\tsrc=\"https:\/\/expo.planetsolar.org\/wp-content\/uploads\/2025\/03\/2014_10_28_18th_Flight_Pizzolante_Solar_Impulse_2_98_BS-scaled-e1742813197517.jpg\" width=\"2560\" height=\"1690\" srcset=\"https:\/\/expo.planetsolar.org\/wp-content\/uploads\/2025\/03\/2014_10_28_18th_Flight_Pizzolante_Solar_Impulse_2_98_BS-scaled-e1742813197517.jpg 2560w, https:\/\/expo.planetsolar.org\/wp-content\/uploads\/2025\/03\/2014_10_28_18th_Flight_Pizzolante_Solar_Impulse_2_98_BS-scaled-e1742813197517-300x198.jpg 300w, https:\/\/expo.planetsolar.org\/wp-content\/uploads\/2025\/03\/2014_10_28_18th_Flight_Pizzolante_Solar_Impulse_2_98_BS-scaled-e1742813197517-1024x676.jpg 1024w, https:\/\/expo.planetsolar.org\/wp-content\/uploads\/2025\/03\/2014_10_28_18th_Flight_Pizzolante_Solar_Impulse_2_98_BS-scaled-e1742813197517-768x507.jpg 768w, https:\/\/expo.planetsolar.org\/wp-content\/uploads\/2025\/03\/2014_10_28_18th_Flight_Pizzolante_Solar_Impulse_2_98_BS-scaled-e1742813197517-1536x1014.jpg 1536w, https:\/\/expo.planetsolar.org\/wp-content\/uploads\/2025\/03\/2014_10_28_18th_Flight_Pizzolante_Solar_Impulse_2_98_BS-scaled-e1742813197517-2048x1352.jpg 2048w\" sizes=\"(max-width: 2560px) 100vw, 2560px\" title=\"Payerne, Switzerland: Today,Solar Impulse 2, the second single-seater solar aircraft of Bertrand Piccard and Andr\u00e9 Borschberg designed to take up the challenge of the first round-the-world solar flight, without any fuel in 2015, carried out its eighteenth  test flight out of the Payerne aerodrome in Switzerland. The plane flew at a high altitude. There will be several other test flights taking place in the coming months in order for this experimental machine to attain certification. They will be followed by training flights of Bertrand Piccard and Andr\u00e9 Borschberg later in the season still from Payerne airfield. The attempt to make the first round-the-world solar-powered flight is scheduled to start in March 2015 from Gulf area. Solar Impulse will fly, in order, over the Arabian Sea, India, Myanmar, China, the Pacific Ocean, the United States, the Atlantic Ocean and Southern Europe or North Africa before closing the loop by returning to the departure point. Landings will be made every few days to change pilots and organize public events for governments, schools and universities.\" alt=\"\" \t\tclass=\"so-widget-image\"\/>\n\t<\/div>\n\n<\/div><\/div><\/div><div id=\"pgc-197-4-1\"  class=\"panel-grid-cell\" ><div id=\"panel-197-4-1-0\" class=\"so-panel widget widget_sow-image panel-first-child panel-last-child\" data-index=\"6\" ><div\n\t\t\t\n\t\t\tclass=\"so-widget-sow-image so-widget-sow-image-default-b062fe5d1106-197\"\n\t\t\t\n\t\t>\n<div class=\"sow-image-container\">\n\t\t<img \n\tsrc=\"https:\/\/expo.planetsolar.org\/wp-content\/uploads\/2025\/03\/gp98_11-scaled.jpg\" width=\"2560\" height=\"1693\" srcset=\"https:\/\/expo.planetsolar.org\/wp-content\/uploads\/2025\/03\/gp98_11-scaled.jpg 2560w, https:\/\/expo.planetsolar.org\/wp-content\/uploads\/2025\/03\/gp98_11-300x198.jpg 300w, https:\/\/expo.planetsolar.org\/wp-content\/uploads\/2025\/03\/gp98_11-1024x677.jpg 1024w, https:\/\/expo.planetsolar.org\/wp-content\/uploads\/2025\/03\/gp98_11-768x508.jpg 768w, https:\/\/expo.planetsolar.org\/wp-content\/uploads\/2025\/03\/gp98_11-1536x1016.jpg 1536w, https:\/\/expo.planetsolar.org\/wp-content\/uploads\/2025\/03\/gp98_11-2048x1354.jpg 2048w\" sizes=\"(max-width: 2560px) 100vw, 2560px\" title=\"gp98_11\" alt=\"\" \t\tclass=\"so-widget-image\"\/>\n\t<\/div>\n\n<\/div><\/div><\/div><\/div><\/div><\/div>","protected":false},"excerpt":{"rendered":"<p>Solar One: Premier avion solaire (1978) \u00e0 compl\u00e9ter Solar Impulse Texte \u00e0 ajouter<\/p>\n","protected":false},"author":1,"featured_media":0,"parent":0,"menu_order":4,"comment_status":"closed","ping_status":"closed","template":"","meta":{"footnotes":""},"class_list":["post-197","page","type-page","status-publish","hentry","post"],"_links":{"self":[{"href":"https:\/\/expo.planetsolar.org\/fr\/wp-json\/wp\/v2\/pages\/197","targetHints":{"allow":["GET"]}}],"collection":[{"href":"https:\/\/expo.planetsolar.org\/fr\/wp-json\/wp\/v2\/pages"}],"about":[{"href":"https:\/\/expo.planetsolar.org\/fr\/wp-json\/wp\/v2\/types\/page"}],"author":[{"embeddable":true,"href":"https:\/\/expo.planetsolar.org\/fr\/wp-json\/wp\/v2\/users\/1"}],"replies":[{"embeddable":true,"href":"https:\/\/expo.planetsolar.org\/fr\/wp-json\/wp\/v2\/comments?post=197"}],"version-history":[{"count":1,"href":"https:\/\/expo.planetsolar.org\/fr\/wp-json\/wp\/v2\/pages\/197\/revisions"}],"predecessor-version":[{"id":199,"href":"https:\/\/expo.planetsolar.org\/fr\/wp-json\/wp\/v2\/pages\/197\/revisions\/199"}],"wp:attachment":[{"href":"https:\/\/expo.planetsolar.org\/fr\/wp-json\/wp\/v2\/media?parent=197"}],"curies":[{"name":"wp","href":"https:\/\/api.w.org\/{rel}","templated":true}]}}