{"id":77,"date":"2025-02-10T14:17:57","date_gmt":"2025-02-10T13:17:57","guid":{"rendered":"https:\/\/expo.planetsolar.org\/module-00\/"},"modified":"2025-03-24T13:58:36","modified_gmt":"2025-03-24T12:58:36","slug":"m01","status":"publish","type":"page","link":"https:\/\/expo.planetsolar.org\/fr\/","title":{"rendered":"M0"},"content":{"rendered":"<div id=\"pl-77\"  class=\"panel-layout\" ><div id=\"pg-77-0\"  class=\"panel-grid panel-has-style\" ><div class=\"fps-bigger panel-row-style panel-row-style-for-77-0\" ><div id=\"pgc-77-0-0\"  class=\"panel-grid-cell\" ><div id=\"panel-77-0-0-0\" class=\"so-panel widget widget_sow-image panel-first-child panel-last-child\" data-index=\"0\" ><div\n\t\t\t\n\t\t\tclass=\"so-widget-sow-image so-widget-sow-image-default-b062fe5d1106-77\"\n\t\t\t\n\t\t>\n<div class=\"sow-image-container\">\n\t\t<img \n\tsrc=\"https:\/\/expo.planetsolar.org\/wp-content\/uploads\/2025\/03\/sunset-1365830-scaled.jpg\" width=\"2560\" height=\"1707\" srcset=\"https:\/\/expo.planetsolar.org\/wp-content\/uploads\/2025\/03\/sunset-1365830-scaled.jpg 2560w, https:\/\/expo.planetsolar.org\/wp-content\/uploads\/2025\/03\/sunset-1365830-300x200.jpg 300w, https:\/\/expo.planetsolar.org\/wp-content\/uploads\/2025\/03\/sunset-1365830-1024x683.jpg 1024w, https:\/\/expo.planetsolar.org\/wp-content\/uploads\/2025\/03\/sunset-1365830-768x512.jpg 768w, https:\/\/expo.planetsolar.org\/wp-content\/uploads\/2025\/03\/sunset-1365830-1536x1024.jpg 1536w, https:\/\/expo.planetsolar.org\/wp-content\/uploads\/2025\/03\/sunset-1365830-2048x1365.jpg 2048w, https:\/\/expo.planetsolar.org\/wp-content\/uploads\/2025\/03\/sunset-1365830-720x480.jpg 720w, https:\/\/expo.planetsolar.org\/wp-content\/uploads\/2025\/03\/sunset-1365830-272x182.jpg 272w\" sizes=\"(max-width: 2560px) 100vw, 2560px\" title=\"sunset-1365830\" alt=\"\" \t\tclass=\"so-widget-image\"\/>\n\t<\/div>\n\n<\/div><\/div><\/div><\/div><\/div><div id=\"pg-77-1\"  class=\"panel-grid panel-has-style\" ><div class=\"fps-bigger panel-row-style panel-row-style-for-77-1\" ><div id=\"pgc-77-1-0\"  class=\"panel-grid-cell\" ><div id=\"panel-77-1-0-0\" class=\"so-panel widget widget_sow-editor panel-first-child panel-last-child\" data-index=\"1\" ><div\n\t\t\t\n\t\t\tclass=\"so-widget-sow-editor so-widget-sow-editor-base\"\n\t\t\t\n\t\t>\n<div class=\"siteorigin-widget-tinymce textwidget\">\n\t<p>\u00e0 compl\u00e9ter<\/p>\n<\/div>\n<\/div><\/div><\/div><div id=\"pgc-77-1-1\"  class=\"panel-grid-cell\" ><div id=\"panel-77-1-1-0\" class=\"so-panel widget widget_sow-editor panel-first-child panel-last-child\" data-index=\"2\" ><div\n\t\t\t\n\t\t\tclass=\"so-widget-sow-editor so-widget-sow-editor-base\"\n\t\t\t\n\t\t>\n<div class=\"siteorigin-widget-tinymce textwidget\">\n\t<p>\u00e0 compl\u00e9ter<\/p>\n<\/div>\n<\/div><\/div><\/div><\/div><\/div><div id=\"pg-77-2\"  class=\"panel-grid panel-has-style\" ><div class=\"fps-bigger panel-row-style panel-row-style-for-77-2\" ><div id=\"pgc-77-2-0\"  class=\"panel-grid-cell\" ><div id=\"panel-77-2-0-0\" class=\"so-panel widget widget_sow-image panel-first-child panel-last-child\" data-index=\"3\" ><div\n\t\t\t\n\t\t\tclass=\"so-widget-sow-image so-widget-sow-image-default-b062fe5d1106-77\"\n\t\t\t\n\t\t>\n<div class=\"sow-image-container\">\n\t\t<img \n\tsrc=\"https:\/\/expo.planetsolar.org\/wp-content\/uploads\/2025\/03\/Bell_1954.jpg\" width=\"350\" height=\"280\" srcset=\"https:\/\/expo.planetsolar.org\/wp-content\/uploads\/2025\/03\/Bell_1954.jpg 350w, https:\/\/expo.planetsolar.org\/wp-content\/uploads\/2025\/03\/Bell_1954-300x240.jpg 300w\" sizes=\"(max-width: 350px) 100vw, 350px\" alt=\"\" \t\tclass=\"so-widget-image\"\/>\n\t<\/div>\n\n<\/div><\/div><\/div><div id=\"pgc-77-2-1\"  class=\"panel-grid-cell\" ><div id=\"panel-77-2-1-0\" class=\"so-panel widget widget_sow-editor panel-first-child panel-last-child\" data-index=\"4\" ><div\n\t\t\t\n\t\t\tclass=\"so-widget-sow-editor so-widget-sow-editor-base\"\n\t\t\t\n\t\t>\n<div class=\"siteorigin-widget-tinymce textwidget\">\n\t<p>\u00e0 compl\u00e9ter<\/p>\n<\/div>\n<\/div><\/div><\/div><\/div><\/div><\/div>","protected":false},"excerpt":{"rendered":"<p>\u00e0 compl\u00e9ter \u00e0 compl\u00e9ter<\/p>\n","protected":false},"author":1,"featured_media":0,"parent":0,"menu_order":0,"comment_status":"closed","ping_status":"closed","template":"","meta":{"footnotes":""},"class_list":["post-77","page","type-page","status-publish","hentry","post"],"_links":{"self":[{"href":"https:\/\/expo.planetsolar.org\/fr\/wp-json\/wp\/v2\/pages\/77","targetHints":{"allow":["GET"]}}],"collection":[{"href":"https:\/\/expo.planetsolar.org\/fr\/wp-json\/wp\/v2\/pages"}],"about":[{"href":"https:\/\/expo.planetsolar.org\/fr\/wp-json\/wp\/v2\/types\/page"}],"author":[{"embeddable":true,"href":"https:\/\/expo.planetsolar.org\/fr\/wp-json\/wp\/v2\/users\/1"}],"replies":[{"embeddable":true,"href":"https:\/\/expo.planetsolar.org\/fr\/wp-json\/wp\/v2\/comments?post=77"}],"version-history":[{"count":2,"href":"https:\/\/expo.planetsolar.org\/fr\/wp-json\/wp\/v2\/pages\/77\/revisions"}],"predecessor-version":[{"id":178,"href":"https:\/\/expo.planetsolar.org\/fr\/wp-json\/wp\/v2\/pages\/77\/revisions\/178"}],"wp:attachment":[{"href":"https:\/\/expo.planetsolar.org\/fr\/wp-json\/wp\/v2\/media?parent=77"}],"curies":[{"name":"wp","href":"https:\/\/api.w.org\/{rel}","templated":true}]}}